{"id":38,"date":"2021-08-03T12:21:51","date_gmt":"2021-08-03T10:21:51","guid":{"rendered":"https:\/\/www.gazdagret.info\/?page_id=38"},"modified":"2021-08-03T12:21:51","modified_gmt":"2021-08-03T10:21:51","slug":"csatlakozas","status":"publish","type":"page","link":"https:\/\/varosinfo.hu\/gazdagret\/csatlakozas\/","title":{"rendered":"Csatlakoz\u00e1s"},"content":{"rendered":"\n<p>Amennyiben az \u00d6n v\u00e1llalkoz\u00e1sa, szolg\u00e1ltat\u00e1sa m\u00e9g nem szerepel a gazdagret.info oldalon, \u00fagy ennek p\u00f3tl\u00e1s\u00e1ra d\u00edjmentesen van lehet\u0151s\u00e9ge.<\/p>\n\n\n\n<p>Amennyiben \u00d6n m\u00e1r szerepel, de v\u00e1ltoz\u00e1s t\u00f6rt\u00e9nt az adatokban, \u00fagy az \u00faj inform\u00e1ci\u00f3kat a szerkeszt\u0151s\u00e9g elektronikus levelez\u00e9si c\u00edm\u00e9re sz\u00edveskedjen megk\u00fcldeni.<\/p>\n\n\n\n<p>E-mail c\u00edm:  telepulesinfo[kukac]brandcom.studio<\/p>\n\n\n\n<p>A megjelen\u00e9s \u00e9s adatfriss\u00edt\u00e9s is teljes m\u00e9rt\u00e9kben d\u00edjmentes. <\/p>\n\n\n\n<h2 class=\"wp-block-heading\">Megjelen\u00e9shez az al\u00e1bbi adatok sz\u00fcks\u00e9gesek:<\/h2>\n\n\n\n<ol class=\"wp-block-list\"><li>megnevez\u00e9s<\/li><li>fekv\u0151, legal\u00e1bb 600*300px m\u00e9ret\u0171 k\u00e9p<\/li><li>r\u00f6vid \u00f6sszefoglal\u00f3 bemutatkoz\u00f3 (lead)<\/li><li>pontos c\u00edm ir\u00e1ny\u00edt\u00f3sz\u00e1mmal<\/li><li>honlap URL<\/li><li>nyitvatart\u00e1si rend<\/li><li>tev\u00e9kenys\u00e9gi k\u00f6r<\/li><\/ol>\n\n\n\n<p>Opcion\u00e1lis kieg\u00e9sz\u00edt\u0151 inform\u00e1ci\u00f3k:<\/p>\n\n\n\n<ul class=\"wp-block-list\"><li>r\u00e9szletes bemutatkoz\u00e1s \/ inform\u00e1ci\u00f3<\/li><li>k\u00f6z\u00f6ss\u00e9gi oldalak URL-jei<\/li><li>el\u00e9rhet\u0151s\u00e9gek<\/li><\/ul>\n\n\n\n<p>A felhaszn\u00e1l\u00f3i \u00e9lm\u00e9ny n\u00f6vel\u00e9se \u00e9rdek\u00e9ben egys\u00e9ges v\u00e1z alapj\u00e1n \u00e9p\u00edtj\u00fck fel az adatlapokat a fenti list\u00e1nak megfelel\u0151 sorrendben.<\/p>\n\n\n\n<p>A gazdagret.info nem egy h\u00edrk\u00f6zl\u0151 oldal, folyamatos inform\u00e1ci\u00f3megoszt\u00e1sra, azok \u00e1lland\u00f3 v\u00e1ltoztat(gat)\u00e1s\u00e1ra nincs lehet\u0151s\u00e9g, \u00edgy k\u00e9rj\u00fck, sz\u00edveskedjen a t\u00f6rzsadatok megad\u00e1s\u00e1hoz ragaszkodni.<\/p>\n\n\n\n<p class=\"has-purple-background-color has-background has-normal-font-size\">A Mesterek men\u00fcpont al\u00e1 kiz\u00e1r\u00f3lag tev\u00e9kenys\u00e9g\u00e9t hivatalosan v\u00e9gz\u0151 szem\u00e9ly ker\u00fclhet fel, ez\u00e9rt k\u00e9rj\u00fck, a Mesterek list\u00e1ba t\u00f6rt\u00e9n\u0151 beker\u00fcl\u00e9shez az ad\u00f3sz\u00e1m\u00e1t is sz\u00edveskedjen elk\u00fcldeni. <\/p>\n\n\n\n<hr class=\"wp-block-separator\" \/>\n\n\n\n<h2 class=\"wp-block-heading\">Banner hirdet\u00e9s<\/h2>\n\n\n\n<p>A  honlap fenntart\u00e1s\u00e1hoz \u00e9s folyamatos tov\u00e1bbfejleszt\u00e9s\u00e9hez sz\u00fcks\u00e9ges anyagi t\u0151ke a megjelen\u0151 hirdet\u00e9sekb\u0151l sz\u00e1rmazik, emellett az \u00fczleti modell\u00fcnk alapja, hogy \u00f6n\u00e1ll\u00f3 weboldal k\u00e9sz\u00edt\u00e9si sz\u00e1nd\u00e9ka eset\u00e9n vagy megl\u00e9v\u0151 karbantart\u00e1s\u00e1hoz minket k\u00e9rjen fel!<\/p>\n\n\n\n<p>Lehet\u0151s\u00e9g van az oldal alj\u00e1n elhelyezni egy tetsz\u0151leges m\u00e9ret\u0171 \u00e9s form\u00e1j\u00fa bannert, melynek d\u00edja 20.000,- forint \/ h\u00f3 (AAM). Az oldalon ez az egyetlen fizetett hirdet\u00e9seket megjelen\u00edt\u0151 blokk, m\u00e1s hirdet\u00e9s jelenleg nem tal\u00e1lhat\u00f3.<\/p>\n","protected":false},"excerpt":{"rendered":"<p>Amennyiben az \u00d6n v\u00e1llalkoz\u00e1sa, szolg\u00e1ltat\u00e1sa m\u00e9g nem szerepel a gazdagret.info oldalon, \u00fagy ennek p\u00f3tl\u00e1s\u00e1ra d\u00edjmentesen&#8230;<\/p>\n","protected":false},"author":1,"featured_media":0,"parent":0,"menu_order":0,"comment_status":"closed","ping_status":"closed","template":"","meta":{"footnotes":""},"class_list":["post-38","page","type-page","status-publish","hentry"],"_links":{"self":[{"href":"https:\/\/varosinfo.hu\/gazdagret\/wp-json\/wp\/v2\/pages\/38","targetHints":{"allow":["GET"]}}],"collection":[{"href":"https:\/\/varosinfo.hu\/gazdagret\/wp-json\/wp\/v2\/pages"}],"about":[{"href":"https:\/\/varosinfo.hu\/gazdagret\/wp-json\/wp\/v2\/types\/page"}],"author":[{"embeddable":true,"href":"https:\/\/varosinfo.hu\/gazdagret\/wp-json\/wp\/v2\/users\/1"}],"replies":[{"embeddable":true,"href":"https:\/\/varosinfo.hu\/gazdagret\/wp-json\/wp\/v2\/comments?post=38"}],"version-history":[{"count":0,"href":"https:\/\/varosinfo.hu\/gazdagret\/wp-json\/wp\/v2\/pages\/38\/revisions"}],"wp:attachment":[{"href":"https:\/\/varosinfo.hu\/gazdagret\/wp-json\/wp\/v2\/media?parent=38"}],"curies":[{"name":"wp","href":"https:\/\/api.w.org\/{rel}","templated":true}]}}