{"id":19,"date":"2021-08-02T15:38:34","date_gmt":"2021-08-02T13:38:34","guid":{"rendered":"https:\/\/www.wprenter.com\/gazdagretinfo\/?page_id=19"},"modified":"2021-08-02T15:38:34","modified_gmt":"2021-08-02T13:38:34","slug":"szolgaltatasok","status":"publish","type":"page","link":"https:\/\/varosinfo.hu\/gazdagret\/szolgaltatasok\/","title":{"rendered":"\ud83d\udc68\u200d\ud83d\udcbc Szolg\u00e1ltat\u00e1sok"},"content":{"rendered":"\n<figure class=\"wp-block-table is-style-regular\"><table><thead><tr><th>Megnevez\u00e9s<\/th><th>Tev\u00e9kenys\u00e9g<\/th><th>El\u00e9rhet\u0151s\u00e9gek<\/th><\/tr><\/thead><tbody><tr><td>Pr\u00e1ger P\u00e9ter<\/td><td>massz\u00e1zs<\/td><td>+36304932249<\/td><\/tr><tr><td><\/td><td><\/td><td><\/td><\/tr><\/tbody><\/table><\/figure>\n\n\n\n<p>Csomagpont<\/p>\n\n\n\n<ul class=\"wp-block-list\"><li><\/li><\/ul>\n\n\n\n<ul class=\"wp-block-list\"><li>GLS csomagpont<ul><li>Gazdagr\u00e9ti Gar\u00e1zsv\u00e1s\u00e1r<\/li><\/ul><\/li><\/ul>\n\n\n\n<p>Fizet\u00e9si Pont<\/p>\n\n\n\n<ul class=\"wp-block-list\"><li>Gazdagr\u00e9ti \u00c1llateledel<\/li><\/ul>\n\n\n\n<h2 class=\"wp-block-heading\">K\u00f6rnyezetv\u00e9delem<\/h2>\n\n\n\n<h3 class=\"wp-block-heading\">Komposzt\u00e1l\u00e1s<\/h3>\n\n\n\n<ul class=\"wp-block-list\"><li>Gazdagr\u00e9ti K\u00f6z\u00f6ss\u00e9gi H\u00e1z el\u0151tt<\/li><li>Gazdagr\u00e9ti Tanuszoda mellett<\/li><\/ul>\n\n\n\n<figure class=\"wp-block-gallery has-nested-images columns-default is-cropped wp-block-gallery-1 is-layout-flex wp-block-gallery-is-layout-flex\">\n<figure class=\"wp-block-image size-large\"><a href=\"https:\/\/www.gazdagret.info\/wp-content\/uploads\/sites\/2\/2021\/09\/mi-nem-kerulhet-a-komposztba_toth-akos-gazdagret-csoport.jpg\"><img loading=\"lazy\" decoding=\"async\" width=\"1452\" height=\"2048\" data-id=\"93\" src=\"https:\/\/gazdagret.varosinfo.hu\/wp-content\/uploads\/sites\/8\/2021\/09\/mi-nem-kerulhet-a-komposztba_toth-akos-gazdagret-csoport-8.jpg\" alt=\"\" class=\"wp-image-93\" srcset=\"https:\/\/varosinfo.hu\/gazdagret\/wp-content\/uploads\/sites\/2\/2021\/09\/mi-nem-kerulhet-a-komposztba_toth-akos-gazdagret-csoport-8.jpg 1452w, https:\/\/varosinfo.hu\/gazdagret\/wp-content\/uploads\/sites\/2\/2021\/09\/mi-nem-kerulhet-a-komposztba_toth-akos-gazdagret-csoport-8-768x1083.jpg 768w, https:\/\/varosinfo.hu\/gazdagret\/wp-content\/uploads\/sites\/2\/2021\/09\/mi-nem-kerulhet-a-komposztba_toth-akos-gazdagret-csoport-8-1089x1536.jpg 1089w\" sizes=\"auto, (max-width: 1452px) 100vw, 1452px\" \/><\/a><\/figure>\n\n\n\n<figure class=\"wp-block-image size-large\"><a href=\"https:\/\/www.gazdagret.info\/wp-content\/uploads\/sites\/2\/2021\/09\/mi-kerulhet-a-komposztba_toth-akos-gazdagret-csoport.jpg\"><img loading=\"lazy\" decoding=\"async\" width=\"1452\" height=\"2048\" data-id=\"94\" src=\"https:\/\/gazdagret.varosinfo.hu\/wp-content\/uploads\/sites\/8\/2021\/09\/mi-kerulhet-a-komposztba_toth-akos-gazdagret-csoport-8.jpg\" alt=\"\" class=\"wp-image-94\" srcset=\"https:\/\/varosinfo.hu\/gazdagret\/wp-content\/uploads\/sites\/2\/2021\/09\/mi-kerulhet-a-komposztba_toth-akos-gazdagret-csoport-8.jpg 1452w, https:\/\/varosinfo.hu\/gazdagret\/wp-content\/uploads\/sites\/2\/2021\/09\/mi-kerulhet-a-komposztba_toth-akos-gazdagret-csoport-8-768x1083.jpg 768w, https:\/\/varosinfo.hu\/gazdagret\/wp-content\/uploads\/sites\/2\/2021\/09\/mi-kerulhet-a-komposztba_toth-akos-gazdagret-csoport-8-1089x1536.jpg 1089w\" sizes=\"auto, (max-width: 1452px) 100vw, 1452px\" \/><\/a><\/figure>\n<\/figure>\n\n\n\n<ul class=\"wp-block-list\"><li>s\u00fct\u0151olaj lead\u00e1s<ul><li>Csiki-hegyek utcai \u00c1ltal\u00e1nos Iskol\u00e1ban nyitvatart\u00e1si id\u0151ben<\/li><li>Gazdagr\u00e9ti K\u00f6z\u00f6ss\u00e9gi H\u00e1z el\u0151tt<\/li><li>Pr\u00edma &#8211; K\u00e1nyakapu Csemege parkol\u00f3 h\u00e1ts\u00f3 r\u00e9sz\u00e9ben<\/li><\/ul><\/li><\/ul>\n\n\n\n<p>Parkol\u00f3- \u00e9s gar\u00e1zsszolg\u00e1ltat\u00e1s<\/p>\n\n\n\n<ul class=\"wp-block-list\"><li>Star Park: <a href=\"https:\/\/starpark.hu\" data-type=\"URL\" data-id=\"https:\/\/starpark.hu\" target=\"_blank\" rel=\"noreferrer noopener\">https:\/\/starpark.hu<\/a><\/li><\/ul>\n\n\n\n<p>Sport<\/p>\n\n\n\n<ul class=\"wp-block-list\"><li>uszoda<ul><li><a href=\"https:\/\/www.gazdagret.info\/adatlap\/gazdagreti-tanuszoda\/\" data-type=\"post\" data-id=\"31\">Gazdagr\u00e9ti Tanuszoda<\/a><\/li><\/ul><\/li><li>konditerem<ul><li>T-Klub Fitness<\/li><li>Csiki-hegyek utcai terem<\/li><\/ul><\/li><\/ul>\n","protected":false},"excerpt":{"rendered":"<p>Megnevez\u00e9s Tev\u00e9kenys\u00e9g El\u00e9rhet\u0151s\u00e9gek Pr\u00e1ger P\u00e9ter massz\u00e1zs +36304932249 Csomagpont GLS csomagpont Gazdagr\u00e9ti Gar\u00e1zsv\u00e1s\u00e1r Fizet\u00e9si Pont Gazdagr\u00e9ti&#8230;<\/p>\n","protected":false},"author":1,"featured_media":0,"parent":0,"menu_order":0,"comment_status":"closed","ping_status":"closed","template":"","meta":{"footnotes":""},"class_list":["post-19","page","type-page","status-publish","hentry"],"_links":{"self":[{"href":"https:\/\/varosinfo.hu\/gazdagret\/wp-json\/wp\/v2\/pages\/19","targetHints":{"allow":["GET"]}}],"collection":[{"href":"https:\/\/varosinfo.hu\/gazdagret\/wp-json\/wp\/v2\/pages"}],"about":[{"href":"https:\/\/varosinfo.hu\/gazdagret\/wp-json\/wp\/v2\/types\/page"}],"author":[{"embeddable":true,"href":"https:\/\/varosinfo.hu\/gazdagret\/wp-json\/wp\/v2\/users\/1"}],"replies":[{"embeddable":true,"href":"https:\/\/varosinfo.hu\/gazdagret\/wp-json\/wp\/v2\/comments?post=19"}],"version-history":[{"count":0,"href":"https:\/\/varosinfo.hu\/gazdagret\/wp-json\/wp\/v2\/pages\/19\/revisions"}],"wp:attachment":[{"href":"https:\/\/varosinfo.hu\/gazdagret\/wp-json\/wp\/v2\/media?parent=19"}],"curies":[{"name":"wp","href":"https:\/\/api.w.org\/{rel}","templated":true}]}}